{"id":2609,"date":"2026-03-09T22:05:20","date_gmt":"2026-03-09T22:05:20","guid":{"rendered":"https:\/\/www.ayenjoyas.cl\/?post_type=product&#038;p=2609"},"modified":"2026-03-09T22:05:20","modified_gmt":"2026-03-09T22:05:20","slug":"argflp23","status":"publish","type":"product","link":"https:\/\/www.ayenjoyas.cl\/?product=argflp23","title":{"rendered":"ARGFLP23"},"content":{"rendered":"<p>Aros 14k goldfilled perla de r\u00edo y lapisl\u00e1zuli<br \/>\n14k goldfilled lapisl\u00e1zuli EARINGS WITH lapisl\u00e1zuli and pearls<\/p>\n","protected":false},"excerpt":{"rendered":"<p>Aros 14k goldfilled perla de r\u00edo y lapisl\u00e1zuli 14k goldfilled lapisl\u00e1zuli EARINGS WITH lapisl\u00e1zuli and pearls<\/p>\n","protected":false},"featured_media":2610,"comment_status":"open","ping_status":"closed","template":"","meta":[],"product_cat":[28],"product_tag":[270,14,59,23,223],"class_list":{"0":"post-2609","1":"product","2":"type-product","3":"status-publish","4":"has-post-thumbnail","6":"product_cat-aros-earings","7":"product_tag-14k-goldfilled","8":"product_tag-aros","9":"product_tag-earings","10":"product_tag-lapislazuli","11":"product_tag-pearl","13":"first","14":"instock","15":"sale","16":"shipping-taxable","17":"purchasable","18":"product-type-simple"},"_links":{"self":[{"href":"https:\/\/www.ayenjoyas.cl\/index.php?rest_route=\/wp\/v2\/product\/2609","targetHints":{"allow":["GET"]}}],"collection":[{"href":"https:\/\/www.ayenjoyas.cl\/index.php?rest_route=\/wp\/v2\/product"}],"about":[{"href":"https:\/\/www.ayenjoyas.cl\/index.php?rest_route=\/wp\/v2\/types\/product"}],"replies":[{"embeddable":true,"href":"https:\/\/www.ayenjoyas.cl\/index.php?rest_route=%2Fwp%2Fv2%2Fcomments&post=2609"}],"wp:featuredmedia":[{"embeddable":true,"href":"https:\/\/www.ayenjoyas.cl\/index.php?rest_route=\/wp\/v2\/media\/2610"}],"wp:attachment":[{"href":"https:\/\/www.ayenjoyas.cl\/index.php?rest_route=%2Fwp%2Fv2%2Fmedia&parent=2609"}],"wp:term":[{"taxonomy":"product_cat","embeddable":true,"href":"https:\/\/www.ayenjoyas.cl\/index.php?rest_route=%2Fwp%2Fv2%2Fproduct_cat&post=2609"},{"taxonomy":"product_tag","embeddable":true,"href":"https:\/\/www.ayenjoyas.cl\/index.php?rest_route=%2Fwp%2Fv2%2Fproduct_tag&post=2609"}],"curies":[{"name":"wp","href":"https:\/\/api.w.org\/{rel}","templated":true}]}}