{"id":1567,"date":"2021-12-17T17:11:12","date_gmt":"2021-12-17T17:11:12","guid":{"rendered":"http:\/\/www.ayenjoyas.cl\/?post_type=product&#038;p=1567"},"modified":"2021-12-17T17:11:12","modified_gmt":"2021-12-17T17:11:12","slug":"cjcobre-esmaltada-1","status":"publish","type":"product","link":"https:\/\/www.ayenjoyas.cl\/?product=cjcobre-esmaltada-1","title":{"rendered":"CJCOBRE ESMALTADA 1"},"content":{"rendered":"<p>Caja cobre redonda esmaltada <\/p>\n","protected":false},"excerpt":{"rendered":"<p> CAJA COBRE ESMALTADA ,DISE\u00d1O VALPARA\u00cdSO , HECHO A MANO  DI\u00c1METRO 8cm<br \/>\nHANDMADE ENAMEL COPPER BOX WITH DESIGN OF VALPARAISO, HAND MADE 8cm <\/p>\n","protected":false},"featured_media":1568,"comment_status":"open","ping_status":"closed","template":"","meta":[],"product_cat":[32],"product_tag":[299,298,18,64,300,301],"class_list":{"0":"post-1567","1":"product","2":"type-product","3":"status-publish","4":"has-post-thumbnail","6":"product_cat-ornamentos-ornaments","7":"product_tag-box","8":"product_tag-caja","9":"product_tag-cobre","10":"product_tag-copper","11":"product_tag-ename","12":"product_tag-esmaltado","14":"first","15":"instock","16":"sale","17":"shipping-taxable","18":"purchasable","19":"product-type-simple"},"_links":{"self":[{"href":"https:\/\/www.ayenjoyas.cl\/index.php?rest_route=\/wp\/v2\/product\/1567","targetHints":{"allow":["GET"]}}],"collection":[{"href":"https:\/\/www.ayenjoyas.cl\/index.php?rest_route=\/wp\/v2\/product"}],"about":[{"href":"https:\/\/www.ayenjoyas.cl\/index.php?rest_route=\/wp\/v2\/types\/product"}],"replies":[{"embeddable":true,"href":"https:\/\/www.ayenjoyas.cl\/index.php?rest_route=%2Fwp%2Fv2%2Fcomments&post=1567"}],"wp:featuredmedia":[{"embeddable":true,"href":"https:\/\/www.ayenjoyas.cl\/index.php?rest_route=\/wp\/v2\/media\/1568"}],"wp:attachment":[{"href":"https:\/\/www.ayenjoyas.cl\/index.php?rest_route=%2Fwp%2Fv2%2Fmedia&parent=1567"}],"wp:term":[{"taxonomy":"product_cat","embeddable":true,"href":"https:\/\/www.ayenjoyas.cl\/index.php?rest_route=%2Fwp%2Fv2%2Fproduct_cat&post=1567"},{"taxonomy":"product_tag","embeddable":true,"href":"https:\/\/www.ayenjoyas.cl\/index.php?rest_route=%2Fwp%2Fv2%2Fproduct_tag&post=1567"}],"curies":[{"name":"wp","href":"https:\/\/api.w.org\/{rel}","templated":true}]}}