{"id":1557,"date":"2021-12-17T16:48:52","date_gmt":"2021-12-17T16:48:52","guid":{"rendered":"http:\/\/www.ayenjoyas.cl\/?post_type=product&#038;p=1557"},"modified":"2021-12-17T16:59:37","modified_gmt":"2021-12-17T16:59:37","slug":"cjcobre-piedras-1","status":"publish","type":"product","link":"https:\/\/www.ayenjoyas.cl\/?product=cjcobre-piedras-1","title":{"rendered":"CJCOBRE PIEDRAS 1"},"content":{"rendered":"<p>Caja redonda cobre con piedras semipreciosas <\/p>\n","protected":false},"excerpt":{"rendered":"<p>CAJA REDONDA COBRE CON DISTINTOS DISE\u00d1OS Y PIEDRAS SEMIPRECIOSAS( lapisl\u00e1zuli, turques! Jaspe)hecha a mano Di\u00e1metro 6 cm<br \/>\nHAND MADE COPPER ROUND BOX WITH DIFFERENT DESIGNS AND STONES ( lapislazuli, turquoise, jasper) 6cm <\/p>\n","protected":false},"featured_media":1566,"comment_status":"open","ping_status":"closed","template":"","meta":[],"product_cat":[32],"product_tag":[299,298,18,64,134,135],"class_list":{"0":"post-1557","1":"product","2":"type-product","3":"status-publish","4":"has-post-thumbnail","6":"product_cat-ornamentos-ornaments","7":"product_tag-box","8":"product_tag-caja","9":"product_tag-cobre","10":"product_tag-copper","11":"product_tag-piedras","12":"product_tag-stones","14":"first","15":"instock","16":"sale","17":"shipping-taxable","18":"purchasable","19":"product-type-simple"},"_links":{"self":[{"href":"https:\/\/www.ayenjoyas.cl\/index.php?rest_route=\/wp\/v2\/product\/1557","targetHints":{"allow":["GET"]}}],"collection":[{"href":"https:\/\/www.ayenjoyas.cl\/index.php?rest_route=\/wp\/v2\/product"}],"about":[{"href":"https:\/\/www.ayenjoyas.cl\/index.php?rest_route=\/wp\/v2\/types\/product"}],"replies":[{"embeddable":true,"href":"https:\/\/www.ayenjoyas.cl\/index.php?rest_route=%2Fwp%2Fv2%2Fcomments&post=1557"}],"wp:featuredmedia":[{"embeddable":true,"href":"https:\/\/www.ayenjoyas.cl\/index.php?rest_route=\/wp\/v2\/media\/1566"}],"wp:attachment":[{"href":"https:\/\/www.ayenjoyas.cl\/index.php?rest_route=%2Fwp%2Fv2%2Fmedia&parent=1557"}],"wp:term":[{"taxonomy":"product_cat","embeddable":true,"href":"https:\/\/www.ayenjoyas.cl\/index.php?rest_route=%2Fwp%2Fv2%2Fproduct_cat&post=1557"},{"taxonomy":"product_tag","embeddable":true,"href":"https:\/\/www.ayenjoyas.cl\/index.php?rest_route=%2Fwp%2Fv2%2Fproduct_tag&post=1557"}],"curies":[{"name":"wp","href":"https:\/\/api.w.org\/{rel}","templated":true}]}}